{"id":2157,"date":"2026-03-30T18:21:42","date_gmt":"2026-03-30T16:21:42","guid":{"rendered":"https:\/\/www.geoleg.cat\/?page_id=2157"},"modified":"2026-03-31T00:07:23","modified_gmt":"2026-03-30T22:07:23","slug":"capitol-11-minerals-i-cristalls-curatius","status":"publish","type":"page","link":"https:\/\/www.geoleg.cat\/index.php\/podcast-la-terra-no-es-plana\/temporada-1-la-terra-no-es-plana\/capitol-11-minerals-i-cristalls-curatius\/","title":{"rendered":"CAP\u00cdTOL 11: MINERALS I CRISTALLS CURATIUS"},"content":{"rendered":"<h2 class=\"h3\">CAP\u00cdTOL 11: MINERALS I CRISTALLS CURATIUS<\/h2>\n<div data-v-fe2ba2be=\"\">\n<p class=\"text-truncate-5\" data-v-fe2ba2be=\"\">\u2728 Minerals i cristalls curatius\u2026 tenen realment poder? \ud83d\udd2e<\/p>\n<p>En aquest cap\u00edtol analitzem qu\u00e8 diu la ci\u00e8ncia \ud83e\uddea i per qu\u00e8, tot i aix\u00f2, molta gent creu que funcionen. Parlem d\u2019efecte placebo, expectatives i la necessitat de creure\u2026 per\u00f2 tamb\u00e9 dels riscos de la mala informaci\u00f3 \u26a0\ufe0f<\/p>\n<p>\u00c9s nom\u00e9s creen\u00e7a o hi ha alguna cosa m\u00e9s? \ud83e\udd14<\/p>\n<p>\ud83c\udfa7 Escolta el cap\u00edtol complet a Spotify, YouTube i iVoox<br \/>\n\ud83d\udc49 Subscriu-te per no perdre\u2019t cap episodi!<\/p>\n<p>\ud83d\udcf2 Segueix-nos tamb\u00e9 a:<br \/>\nIG: @laterranoesplana<br \/>\n\ud83d\udc26 X: @terranoesplana<\/p>\n<p>#LaTerraNo\u00c9sPlana #Podcast #Ci\u00e8ncia #Mites #Cristalls #PensamentCr\u00edtic<\/p>\n<\/div>\n<p><iframe style=\"border-radius: 12px;\" data-src=\"https:\/\/open.spotify.com\/embed\/episode\/74XmA347IKrhp1CPvTeTDg?utm_source=generator\" width=\"100%\" height=\"152\" frameborder=\"0\" allowfullscreen=\"allowfullscreen\" data-testid=\"embed-iframe\" src=\"data:image\/svg+xml;base64,PHN2ZyB3aWR0aD0iMSIgaGVpZ2h0PSIxIiB4bWxucz0iaHR0cDovL3d3dy53My5vcmcvMjAwMC9zdmciPjwvc3ZnPg==\" class=\"lazyload\" data-load-mode=\"1\"><\/iframe><br \/>\n<iframe data-src=\"https:\/\/www.ivoox.com\/player_ej_171003727_6_1.html?c1=67717a\" width=\"100%\" height=\"200\" frameborder=\"0\" scrolling=\"no\" allowfullscreen=\"allowfullscreen\" src=\"data:image\/svg+xml;base64,PHN2ZyB3aWR0aD0iMSIgaGVpZ2h0PSIxIiB4bWxucz0iaHR0cDovL3d3dy53My5vcmcvMjAwMC9zdmciPjwvc3ZnPg==\" class=\"lazyload\" data-load-mode=\"1\"><\/iframe><br \/>\n<iframe width=\"560\" height=\"315\" data-src=\"https:\/\/www.youtube.com\/embed\/pnVPgovkJlY?si=XMu02_d_nQNVNVpt\" title=\"YouTube video player\" frameborder=\"0\" allow=\"accelerometer; autoplay; clipboard-write; encrypted-media; gyroscope; picture-in-picture; web-share\" referrerpolicy=\"strict-origin-when-cross-origin\" allowfullscreen src=\"data:image\/svg+xml;base64,PHN2ZyB3aWR0aD0iMSIgaGVpZ2h0PSIxIiB4bWxucz0iaHR0cDovL3d3dy53My5vcmcvMjAwMC9zdmciPjwvc3ZnPg==\" class=\"lazyload\" data-load-mode=\"1\"><\/iframe><\/p>\n<p>&nbsp;<\/p>\n","protected":false},"excerpt":{"rendered":"<p>CAP\u00cdTOL 11: MINERALS I CRISTALLS CURATIUS \u2728 Minerals i cristalls curatius\u2026 tenen realment poder? \ud83d\udd2e En aquest cap\u00edtol analitzem qu\u00e8 diu la ci\u00e8ncia \ud83e\uddea i per qu\u00e8, tot i aix\u00f2, [&hellip;]<\/p>\n","protected":false},"author":3,"featured_media":0,"parent":2054,"menu_order":0,"comment_status":"closed","ping_status":"closed","template":"","meta":{"_monsterinsights_skip_tracking":false,"_monsterinsights_sitenote_active":false,"_monsterinsights_sitenote_note":"","_monsterinsights_sitenote_category":0,"footnotes":""},"wf_page_folders":[90],"class_list":["post-2157","page","type-page","status-publish","hentry"],"yoast_head":"<!-- This site is optimized with the Yoast SEO plugin v27.2 - https:\/\/yoast.com\/product\/yoast-seo-wordpress\/ -->\n<title>CAP\u00cdTOL 11: MINERALS I CRISTALLS CURATIUS - Formaci\u00f3 i Divulgaci\u00f3 en Geologia #Geoturisme<\/title>\n<meta name=\"robots\" content=\"index, follow, max-snippet:-1, max-image-preview:large, max-video-preview:-1\" \/>\n<link rel=\"canonical\" href=\"https:\/\/www.geoleg.cat\/index.php\/podcast-la-terra-no-es-plana\/temporada-1-la-terra-no-es-plana\/capitol-11-minerals-i-cristalls-curatius\/\" \/>\n<meta property=\"og:locale\" content=\"ca_ES\" \/>\n<meta property=\"og:type\" content=\"article\" \/>\n<meta property=\"og:title\" content=\"CAP\u00cdTOL 11: MINERALS I CRISTALLS CURATIUS - Formaci\u00f3 i Divulgaci\u00f3 en Geologia #Geoturisme\" \/>\n<meta property=\"og:description\" content=\"CAP\u00cdTOL 11: MINERALS I CRISTALLS CURATIUS \u2728 Minerals i cristalls curatius\u2026 tenen realment poder? \ud83d\udd2e En aquest cap\u00edtol analitzem qu\u00e8 diu la ci\u00e8ncia \ud83e\uddea i per qu\u00e8, tot i aix\u00f2, [&hellip;]\" \/>\n<meta property=\"og:url\" content=\"https:\/\/www.geoleg.cat\/index.php\/podcast-la-terra-no-es-plana\/temporada-1-la-terra-no-es-plana\/capitol-11-minerals-i-cristalls-curatius\/\" \/>\n<meta property=\"og:site_name\" content=\"Formaci\u00f3 i Divulgaci\u00f3 en Geologia #Geoturisme\" \/>\n<meta property=\"article:modified_time\" content=\"2026-03-30T22:07:23+00:00\" \/>\n<meta name=\"twitter:card\" content=\"summary_large_image\" \/>\n<meta name=\"twitter:site\" content=\"@geolegCAT\" \/>\n<meta name=\"twitter:label1\" content=\"Temps estimat de lectura\" \/>\n\t<meta name=\"twitter:data1\" content=\"1 minut\" \/>\n<script type=\"application\/ld+json\" class=\"yoast-schema-graph\">{\"@context\":\"https:\/\/schema.org\",\"@graph\":[{\"@type\":\"WebPage\",\"@id\":\"https:\/\/www.geoleg.cat\/index.php\/podcast-la-terra-no-es-plana\/temporada-1-la-terra-no-es-plana\/capitol-11-minerals-i-cristalls-curatius\/\",\"url\":\"https:\/\/www.geoleg.cat\/index.php\/podcast-la-terra-no-es-plana\/temporada-1-la-terra-no-es-plana\/capitol-11-minerals-i-cristalls-curatius\/\",\"name\":\"CAP\u00cdTOL 11: MINERALS I CRISTALLS CURATIUS - Formaci\u00f3 i Divulgaci\u00f3 en Geologia #Geoturisme\",\"isPartOf\":{\"@id\":\"https:\/\/www.geoleg.cat\/#website\"},\"datePublished\":\"2026-03-30T16:21:42+00:00\",\"dateModified\":\"2026-03-30T22:07:23+00:00\",\"breadcrumb\":{\"@id\":\"https:\/\/www.geoleg.cat\/index.php\/podcast-la-terra-no-es-plana\/temporada-1-la-terra-no-es-plana\/capitol-11-minerals-i-cristalls-curatius\/#breadcrumb\"},\"inLanguage\":\"ca\",\"potentialAction\":[{\"@type\":\"ReadAction\",\"target\":[\"https:\/\/www.geoleg.cat\/index.php\/podcast-la-terra-no-es-plana\/temporada-1-la-terra-no-es-plana\/capitol-11-minerals-i-cristalls-curatius\/\"]}]},{\"@type\":\"BreadcrumbList\",\"@id\":\"https:\/\/www.geoleg.cat\/index.php\/podcast-la-terra-no-es-plana\/temporada-1-la-terra-no-es-plana\/capitol-11-minerals-i-cristalls-curatius\/#breadcrumb\",\"itemListElement\":[{\"@type\":\"ListItem\",\"position\":1,\"name\":\"Inici\",\"item\":\"https:\/\/www.geoleg.cat\/\"},{\"@type\":\"ListItem\",\"position\":2,\"name\":\"Podcast &#8211; La Terra NO \u00e9s Plana\",\"item\":\"https:\/\/www.geoleg.cat\/index.php\/podcast-la-terra-no-es-plana\/\"},{\"@type\":\"ListItem\",\"position\":3,\"name\":\"Temporada 1 &#8211; La Terra NO \u00e9s Plana\",\"item\":\"https:\/\/www.geoleg.cat\/index.php\/podcast-la-terra-no-es-plana\/temporada-1-la-terra-no-es-plana\/\"},{\"@type\":\"ListItem\",\"position\":4,\"name\":\"CAP\u00cdTOL 11: MINERALS I CRISTALLS CURATIUS\"}]},{\"@type\":\"WebSite\",\"@id\":\"https:\/\/www.geoleg.cat\/#website\",\"url\":\"https:\/\/www.geoleg.cat\/\",\"name\":\"Formaci\u00f3 i Divulgaci\u00f3 en Geologia #Geoturisme\",\"description\":\"Formaci\u00f3 i Divulgaci\u00f3 en Geologia #Geoturisme\",\"publisher\":{\"@id\":\"https:\/\/www.geoleg.cat\/#organization\"},\"potentialAction\":[{\"@type\":\"SearchAction\",\"target\":{\"@type\":\"EntryPoint\",\"urlTemplate\":\"https:\/\/www.geoleg.cat\/?s={search_term_string}\"},\"query-input\":{\"@type\":\"PropertyValueSpecification\",\"valueRequired\":true,\"valueName\":\"search_term_string\"}}],\"inLanguage\":\"ca\"},{\"@type\":\"Organization\",\"@id\":\"https:\/\/www.geoleg.cat\/#organization\",\"name\":\"Ge\u00f2leg.cat\",\"url\":\"https:\/\/www.geoleg.cat\/\",\"logo\":{\"@type\":\"ImageObject\",\"inLanguage\":\"ca\",\"@id\":\"https:\/\/www.geoleg.cat\/#\/schema\/logo\/image\/\",\"url\":\"https:\/\/i0.wp.com\/www.geoleg.cat\/wp-content\/uploads\/2019\/09\/Logo-petit.png?fit=600%2C128&ssl=1\",\"contentUrl\":\"https:\/\/i0.wp.com\/www.geoleg.cat\/wp-content\/uploads\/2019\/09\/Logo-petit.png?fit=600%2C128&ssl=1\",\"width\":600,\"height\":128,\"caption\":\"Ge\u00f2leg.cat\"},\"image\":{\"@id\":\"https:\/\/www.geoleg.cat\/#\/schema\/logo\/image\/\"},\"sameAs\":[\"https:\/\/x.com\/geolegCAT\",\"https:\/\/www.instagram.com\/geoleg.cat\/\"]}]}<\/script>\n<!-- \/ Yoast SEO plugin. -->","yoast_head_json":{"title":"CAP\u00cdTOL 11: MINERALS I CRISTALLS CURATIUS - Formaci\u00f3 i Divulgaci\u00f3 en Geologia #Geoturisme","robots":{"index":"index","follow":"follow","max-snippet":"max-snippet:-1","max-image-preview":"max-image-preview:large","max-video-preview":"max-video-preview:-1"},"canonical":"https:\/\/www.geoleg.cat\/index.php\/podcast-la-terra-no-es-plana\/temporada-1-la-terra-no-es-plana\/capitol-11-minerals-i-cristalls-curatius\/","og_locale":"ca_ES","og_type":"article","og_title":"CAP\u00cdTOL 11: MINERALS I CRISTALLS CURATIUS - Formaci\u00f3 i Divulgaci\u00f3 en Geologia #Geoturisme","og_description":"CAP\u00cdTOL 11: MINERALS I CRISTALLS CURATIUS \u2728 Minerals i cristalls curatius\u2026 tenen realment poder? \ud83d\udd2e En aquest cap\u00edtol analitzem qu\u00e8 diu la ci\u00e8ncia \ud83e\uddea i per qu\u00e8, tot i aix\u00f2, [&hellip;]","og_url":"https:\/\/www.geoleg.cat\/index.php\/podcast-la-terra-no-es-plana\/temporada-1-la-terra-no-es-plana\/capitol-11-minerals-i-cristalls-curatius\/","og_site_name":"Formaci\u00f3 i Divulgaci\u00f3 en Geologia #Geoturisme","article_modified_time":"2026-03-30T22:07:23+00:00","twitter_card":"summary_large_image","twitter_site":"@geolegCAT","twitter_misc":{"Temps estimat de lectura":"1 minut"},"schema":{"@context":"https:\/\/schema.org","@graph":[{"@type":"WebPage","@id":"https:\/\/www.geoleg.cat\/index.php\/podcast-la-terra-no-es-plana\/temporada-1-la-terra-no-es-plana\/capitol-11-minerals-i-cristalls-curatius\/","url":"https:\/\/www.geoleg.cat\/index.php\/podcast-la-terra-no-es-plana\/temporada-1-la-terra-no-es-plana\/capitol-11-minerals-i-cristalls-curatius\/","name":"CAP\u00cdTOL 11: MINERALS I CRISTALLS CURATIUS - Formaci\u00f3 i Divulgaci\u00f3 en Geologia #Geoturisme","isPartOf":{"@id":"https:\/\/www.geoleg.cat\/#website"},"datePublished":"2026-03-30T16:21:42+00:00","dateModified":"2026-03-30T22:07:23+00:00","breadcrumb":{"@id":"https:\/\/www.geoleg.cat\/index.php\/podcast-la-terra-no-es-plana\/temporada-1-la-terra-no-es-plana\/capitol-11-minerals-i-cristalls-curatius\/#breadcrumb"},"inLanguage":"ca","potentialAction":[{"@type":"ReadAction","target":["https:\/\/www.geoleg.cat\/index.php\/podcast-la-terra-no-es-plana\/temporada-1-la-terra-no-es-plana\/capitol-11-minerals-i-cristalls-curatius\/"]}]},{"@type":"BreadcrumbList","@id":"https:\/\/www.geoleg.cat\/index.php\/podcast-la-terra-no-es-plana\/temporada-1-la-terra-no-es-plana\/capitol-11-minerals-i-cristalls-curatius\/#breadcrumb","itemListElement":[{"@type":"ListItem","position":1,"name":"Inici","item":"https:\/\/www.geoleg.cat\/"},{"@type":"ListItem","position":2,"name":"Podcast &#8211; La Terra NO \u00e9s Plana","item":"https:\/\/www.geoleg.cat\/index.php\/podcast-la-terra-no-es-plana\/"},{"@type":"ListItem","position":3,"name":"Temporada 1 &#8211; La Terra NO \u00e9s Plana","item":"https:\/\/www.geoleg.cat\/index.php\/podcast-la-terra-no-es-plana\/temporada-1-la-terra-no-es-plana\/"},{"@type":"ListItem","position":4,"name":"CAP\u00cdTOL 11: MINERALS I CRISTALLS CURATIUS"}]},{"@type":"WebSite","@id":"https:\/\/www.geoleg.cat\/#website","url":"https:\/\/www.geoleg.cat\/","name":"Formaci\u00f3 i Divulgaci\u00f3 en Geologia #Geoturisme","description":"Formaci\u00f3 i Divulgaci\u00f3 en Geologia #Geoturisme","publisher":{"@id":"https:\/\/www.geoleg.cat\/#organization"},"potentialAction":[{"@type":"SearchAction","target":{"@type":"EntryPoint","urlTemplate":"https:\/\/www.geoleg.cat\/?s={search_term_string}"},"query-input":{"@type":"PropertyValueSpecification","valueRequired":true,"valueName":"search_term_string"}}],"inLanguage":"ca"},{"@type":"Organization","@id":"https:\/\/www.geoleg.cat\/#organization","name":"Ge\u00f2leg.cat","url":"https:\/\/www.geoleg.cat\/","logo":{"@type":"ImageObject","inLanguage":"ca","@id":"https:\/\/www.geoleg.cat\/#\/schema\/logo\/image\/","url":"https:\/\/i0.wp.com\/www.geoleg.cat\/wp-content\/uploads\/2019\/09\/Logo-petit.png?fit=600%2C128&ssl=1","contentUrl":"https:\/\/i0.wp.com\/www.geoleg.cat\/wp-content\/uploads\/2019\/09\/Logo-petit.png?fit=600%2C128&ssl=1","width":600,"height":128,"caption":"Ge\u00f2leg.cat"},"image":{"@id":"https:\/\/www.geoleg.cat\/#\/schema\/logo\/image\/"},"sameAs":["https:\/\/x.com\/geolegCAT","https:\/\/www.instagram.com\/geoleg.cat\/"]}]}},"post_mailing_queue_ids":[],"_links":{"self":[{"href":"https:\/\/www.geoleg.cat\/index.php\/wp-json\/wp\/v2\/pages\/2157","targetHints":{"allow":["GET"]}}],"collection":[{"href":"https:\/\/www.geoleg.cat\/index.php\/wp-json\/wp\/v2\/pages"}],"about":[{"href":"https:\/\/www.geoleg.cat\/index.php\/wp-json\/wp\/v2\/types\/page"}],"author":[{"embeddable":true,"href":"https:\/\/www.geoleg.cat\/index.php\/wp-json\/wp\/v2\/users\/3"}],"replies":[{"embeddable":true,"href":"https:\/\/www.geoleg.cat\/index.php\/wp-json\/wp\/v2\/comments?post=2157"}],"version-history":[{"count":2,"href":"https:\/\/www.geoleg.cat\/index.php\/wp-json\/wp\/v2\/pages\/2157\/revisions"}],"predecessor-version":[{"id":2167,"href":"https:\/\/www.geoleg.cat\/index.php\/wp-json\/wp\/v2\/pages\/2157\/revisions\/2167"}],"up":[{"embeddable":true,"href":"https:\/\/www.geoleg.cat\/index.php\/wp-json\/wp\/v2\/pages\/2054"}],"wp:attachment":[{"href":"https:\/\/www.geoleg.cat\/index.php\/wp-json\/wp\/v2\/media?parent=2157"}],"wp:term":[{"taxonomy":"wf_page_folders","embeddable":true,"href":"https:\/\/www.geoleg.cat\/index.php\/wp-json\/wp\/v2\/wf_page_folders?post=2157"}],"curies":[{"name":"wp","href":"https:\/\/api.w.org\/{rel}","templated":true}]}}