{"id":2155,"date":"2026-03-30T18:18:36","date_gmt":"2026-03-30T16:18:36","guid":{"rendered":"https:\/\/www.geoleg.cat\/?page_id=2155"},"modified":"2026-03-30T18:22:47","modified_gmt":"2026-03-30T16:22:47","slug":"capitol-10-vacunes-funcionen-o-son-perilloses","status":"publish","type":"page","link":"https:\/\/www.geoleg.cat\/index.php\/podcast-la-terra-no-es-plana\/temporada-1-la-terra-no-es-plana\/capitol-10-vacunes-funcionen-o-son-perilloses\/","title":{"rendered":"CAP\u00cdTOL 10: VACUNES, FUNCIONEN O S\u00d3N PERILLOSES?"},"content":{"rendered":"<h2 class=\"h3\">CAP\u00cdTOL 10: VACUNES, FUNCIONEN O S\u00d3N PERILLOSES?<\/h2>\n<div data-v-fe2ba2be=\"\">\n<p class=\"text-truncate-5\" data-v-fe2ba2be=\"\">\ud83d\udc89 Cap\u00edtol 10 \u2013 Vacunes: funcionen o s\u00f3n perilloses?<\/p>\n<p>En aquest episodi abordem un dels debats m\u00e9s pol\u00e8mics dels \u00faltims anys \ud83d\udc47<br \/>\n\ud83e\udde0 Qu\u00e8 diu realment la ci\u00e8ncia sobre les vacunes?<br \/>\n\u2696\ufe0f S\u00f3n segures o hi ha riscos?<br \/>\n\ud83d\udcca Desmuntem mites i analitzem dades amb evid\u00e8ncia cient\u00edfica.<\/p>\n<p>Un cap\u00edtol clar, directe i basat en fets per entendre millor un tema que ens afecta a tots \ud83c\udf0d<\/p>\n<p>\ud83c\udfa7 Prem el play i forma\u2019t la teva opini\u00f3!<\/p>\n<p>\ud83d\udc49 Subscriu-te i segueix-nos a les xarxes<br \/>\nIg: @laterranoesplana<br \/>\nX: terranoesplana<\/p>\n<\/div>\n<p><iframe style=\"border-radius: 12px;\" data-src=\"https:\/\/open.spotify.com\/embed\/episode\/7Hea6Y9dqasdia0WPJaaSy?utm_source=generator\" width=\"100%\" height=\"152\" frameborder=\"0\" allowfullscreen=\"allowfullscreen\" data-testid=\"embed-iframe\" src=\"data:image\/svg+xml;base64,PHN2ZyB3aWR0aD0iMSIgaGVpZ2h0PSIxIiB4bWxucz0iaHR0cDovL3d3dy53My5vcmcvMjAwMC9zdmciPjwvc3ZnPg==\" class=\"lazyload\" data-load-mode=\"1\"><\/iframe><br \/>\n<iframe data-src=\"https:\/\/www.ivoox.com\/player_ej_170579628_6_1.html?c1=67717a\" width=\"100%\" height=\"200\" frameborder=\"0\" scrolling=\"no\" allowfullscreen=\"allowfullscreen\" src=\"data:image\/svg+xml;base64,PHN2ZyB3aWR0aD0iMSIgaGVpZ2h0PSIxIiB4bWxucz0iaHR0cDovL3d3dy53My5vcmcvMjAwMC9zdmciPjwvc3ZnPg==\" class=\"lazyload\" data-load-mode=\"1\"><\/iframe><br \/>\n<iframe title=\"YouTube video player\" data-src=\"https:\/\/www.youtube.com\/embed\/tzGrY_rRlbU?si=7GnXD5J53gDUlv0o\" width=\"560\" height=\"315\" frameborder=\"0\" allowfullscreen=\"allowfullscreen\" src=\"data:image\/svg+xml;base64,PHN2ZyB3aWR0aD0iMSIgaGVpZ2h0PSIxIiB4bWxucz0iaHR0cDovL3d3dy53My5vcmcvMjAwMC9zdmciPjwvc3ZnPg==\" class=\"lazyload\" data-load-mode=\"1\"><\/iframe><\/p>\n<p>&nbsp;<\/p>\n","protected":false},"excerpt":{"rendered":"<p>CAP\u00cdTOL 10: VACUNES, FUNCIONEN O S\u00d3N PERILLOSES? \ud83d\udc89 Cap\u00edtol 10 \u2013 Vacunes: funcionen o s\u00f3n perilloses? En aquest episodi abordem un dels debats m\u00e9s pol\u00e8mics dels \u00faltims anys \ud83d\udc47 \ud83e\udde0 [&hellip;]<\/p>\n","protected":false},"author":3,"featured_media":0,"parent":2054,"menu_order":0,"comment_status":"closed","ping_status":"closed","template":"","meta":{"_monsterinsights_skip_tracking":false,"_monsterinsights_sitenote_active":false,"_monsterinsights_sitenote_note":"","_monsterinsights_sitenote_category":0,"footnotes":""},"wf_page_folders":[90],"class_list":["post-2155","page","type-page","status-publish","hentry"],"yoast_head":"<!-- This site is optimized with the Yoast SEO plugin v27.2 - https:\/\/yoast.com\/product\/yoast-seo-wordpress\/ -->\n<title>CAP\u00cdTOL 10: VACUNES, FUNCIONEN O S\u00d3N PERILLOSES? - Formaci\u00f3 i Divulgaci\u00f3 en Geologia #Geoturisme<\/title>\n<meta name=\"robots\" content=\"index, follow, max-snippet:-1, max-image-preview:large, max-video-preview:-1\" \/>\n<link rel=\"canonical\" href=\"https:\/\/www.geoleg.cat\/index.php\/podcast-la-terra-no-es-plana\/temporada-1-la-terra-no-es-plana\/capitol-10-vacunes-funcionen-o-son-perilloses\/\" \/>\n<meta property=\"og:locale\" content=\"ca_ES\" \/>\n<meta property=\"og:type\" content=\"article\" \/>\n<meta property=\"og:title\" content=\"CAP\u00cdTOL 10: VACUNES, FUNCIONEN O S\u00d3N PERILLOSES? - Formaci\u00f3 i Divulgaci\u00f3 en Geologia #Geoturisme\" \/>\n<meta property=\"og:description\" content=\"CAP\u00cdTOL 10: VACUNES, FUNCIONEN O S\u00d3N PERILLOSES? \ud83d\udc89 Cap\u00edtol 10 \u2013 Vacunes: funcionen o s\u00f3n perilloses? En aquest episodi abordem un dels debats m\u00e9s pol\u00e8mics dels \u00faltims anys \ud83d\udc47 \ud83e\udde0 [&hellip;]\" \/>\n<meta property=\"og:url\" content=\"https:\/\/www.geoleg.cat\/index.php\/podcast-la-terra-no-es-plana\/temporada-1-la-terra-no-es-plana\/capitol-10-vacunes-funcionen-o-son-perilloses\/\" \/>\n<meta property=\"og:site_name\" content=\"Formaci\u00f3 i Divulgaci\u00f3 en Geologia #Geoturisme\" \/>\n<meta property=\"article:modified_time\" content=\"2026-03-30T16:22:47+00:00\" \/>\n<meta name=\"twitter:card\" content=\"summary_large_image\" \/>\n<meta name=\"twitter:site\" content=\"@geolegCAT\" \/>\n<meta name=\"twitter:label1\" content=\"Temps estimat de lectura\" \/>\n\t<meta name=\"twitter:data1\" content=\"1 minut\" \/>\n<script type=\"application\/ld+json\" class=\"yoast-schema-graph\">{\"@context\":\"https:\/\/schema.org\",\"@graph\":[{\"@type\":\"WebPage\",\"@id\":\"https:\/\/www.geoleg.cat\/index.php\/podcast-la-terra-no-es-plana\/temporada-1-la-terra-no-es-plana\/capitol-10-vacunes-funcionen-o-son-perilloses\/\",\"url\":\"https:\/\/www.geoleg.cat\/index.php\/podcast-la-terra-no-es-plana\/temporada-1-la-terra-no-es-plana\/capitol-10-vacunes-funcionen-o-son-perilloses\/\",\"name\":\"CAP\u00cdTOL 10: VACUNES, FUNCIONEN O S\u00d3N PERILLOSES? - Formaci\u00f3 i Divulgaci\u00f3 en Geologia #Geoturisme\",\"isPartOf\":{\"@id\":\"https:\/\/www.geoleg.cat\/#website\"},\"datePublished\":\"2026-03-30T16:18:36+00:00\",\"dateModified\":\"2026-03-30T16:22:47+00:00\",\"breadcrumb\":{\"@id\":\"https:\/\/www.geoleg.cat\/index.php\/podcast-la-terra-no-es-plana\/temporada-1-la-terra-no-es-plana\/capitol-10-vacunes-funcionen-o-son-perilloses\/#breadcrumb\"},\"inLanguage\":\"ca\",\"potentialAction\":[{\"@type\":\"ReadAction\",\"target\":[\"https:\/\/www.geoleg.cat\/index.php\/podcast-la-terra-no-es-plana\/temporada-1-la-terra-no-es-plana\/capitol-10-vacunes-funcionen-o-son-perilloses\/\"]}]},{\"@type\":\"BreadcrumbList\",\"@id\":\"https:\/\/www.geoleg.cat\/index.php\/podcast-la-terra-no-es-plana\/temporada-1-la-terra-no-es-plana\/capitol-10-vacunes-funcionen-o-son-perilloses\/#breadcrumb\",\"itemListElement\":[{\"@type\":\"ListItem\",\"position\":1,\"name\":\"Inici\",\"item\":\"https:\/\/www.geoleg.cat\/\"},{\"@type\":\"ListItem\",\"position\":2,\"name\":\"Podcast &#8211; La Terra NO \u00e9s Plana\",\"item\":\"https:\/\/www.geoleg.cat\/index.php\/podcast-la-terra-no-es-plana\/\"},{\"@type\":\"ListItem\",\"position\":3,\"name\":\"Temporada 1 &#8211; La Terra NO \u00e9s Plana\",\"item\":\"https:\/\/www.geoleg.cat\/index.php\/podcast-la-terra-no-es-plana\/temporada-1-la-terra-no-es-plana\/\"},{\"@type\":\"ListItem\",\"position\":4,\"name\":\"CAP\u00cdTOL 10: VACUNES, FUNCIONEN O S\u00d3N PERILLOSES?\"}]},{\"@type\":\"WebSite\",\"@id\":\"https:\/\/www.geoleg.cat\/#website\",\"url\":\"https:\/\/www.geoleg.cat\/\",\"name\":\"Formaci\u00f3 i Divulgaci\u00f3 en Geologia #Geoturisme\",\"description\":\"Formaci\u00f3 i Divulgaci\u00f3 en Geologia #Geoturisme\",\"publisher\":{\"@id\":\"https:\/\/www.geoleg.cat\/#organization\"},\"potentialAction\":[{\"@type\":\"SearchAction\",\"target\":{\"@type\":\"EntryPoint\",\"urlTemplate\":\"https:\/\/www.geoleg.cat\/?s={search_term_string}\"},\"query-input\":{\"@type\":\"PropertyValueSpecification\",\"valueRequired\":true,\"valueName\":\"search_term_string\"}}],\"inLanguage\":\"ca\"},{\"@type\":\"Organization\",\"@id\":\"https:\/\/www.geoleg.cat\/#organization\",\"name\":\"Ge\u00f2leg.cat\",\"url\":\"https:\/\/www.geoleg.cat\/\",\"logo\":{\"@type\":\"ImageObject\",\"inLanguage\":\"ca\",\"@id\":\"https:\/\/www.geoleg.cat\/#\/schema\/logo\/image\/\",\"url\":\"https:\/\/i0.wp.com\/www.geoleg.cat\/wp-content\/uploads\/2019\/09\/Logo-petit.png?fit=600%2C128&ssl=1\",\"contentUrl\":\"https:\/\/i0.wp.com\/www.geoleg.cat\/wp-content\/uploads\/2019\/09\/Logo-petit.png?fit=600%2C128&ssl=1\",\"width\":600,\"height\":128,\"caption\":\"Ge\u00f2leg.cat\"},\"image\":{\"@id\":\"https:\/\/www.geoleg.cat\/#\/schema\/logo\/image\/\"},\"sameAs\":[\"https:\/\/x.com\/geolegCAT\",\"https:\/\/www.instagram.com\/geoleg.cat\/\"]}]}<\/script>\n<!-- \/ Yoast SEO plugin. -->","yoast_head_json":{"title":"CAP\u00cdTOL 10: VACUNES, FUNCIONEN O S\u00d3N PERILLOSES? - Formaci\u00f3 i Divulgaci\u00f3 en Geologia #Geoturisme","robots":{"index":"index","follow":"follow","max-snippet":"max-snippet:-1","max-image-preview":"max-image-preview:large","max-video-preview":"max-video-preview:-1"},"canonical":"https:\/\/www.geoleg.cat\/index.php\/podcast-la-terra-no-es-plana\/temporada-1-la-terra-no-es-plana\/capitol-10-vacunes-funcionen-o-son-perilloses\/","og_locale":"ca_ES","og_type":"article","og_title":"CAP\u00cdTOL 10: VACUNES, FUNCIONEN O S\u00d3N PERILLOSES? - Formaci\u00f3 i Divulgaci\u00f3 en Geologia #Geoturisme","og_description":"CAP\u00cdTOL 10: VACUNES, FUNCIONEN O S\u00d3N PERILLOSES? \ud83d\udc89 Cap\u00edtol 10 \u2013 Vacunes: funcionen o s\u00f3n perilloses? En aquest episodi abordem un dels debats m\u00e9s pol\u00e8mics dels \u00faltims anys \ud83d\udc47 \ud83e\udde0 [&hellip;]","og_url":"https:\/\/www.geoleg.cat\/index.php\/podcast-la-terra-no-es-plana\/temporada-1-la-terra-no-es-plana\/capitol-10-vacunes-funcionen-o-son-perilloses\/","og_site_name":"Formaci\u00f3 i Divulgaci\u00f3 en Geologia #Geoturisme","article_modified_time":"2026-03-30T16:22:47+00:00","twitter_card":"summary_large_image","twitter_site":"@geolegCAT","twitter_misc":{"Temps estimat de lectura":"1 minut"},"schema":{"@context":"https:\/\/schema.org","@graph":[{"@type":"WebPage","@id":"https:\/\/www.geoleg.cat\/index.php\/podcast-la-terra-no-es-plana\/temporada-1-la-terra-no-es-plana\/capitol-10-vacunes-funcionen-o-son-perilloses\/","url":"https:\/\/www.geoleg.cat\/index.php\/podcast-la-terra-no-es-plana\/temporada-1-la-terra-no-es-plana\/capitol-10-vacunes-funcionen-o-son-perilloses\/","name":"CAP\u00cdTOL 10: VACUNES, FUNCIONEN O S\u00d3N PERILLOSES? - Formaci\u00f3 i Divulgaci\u00f3 en Geologia #Geoturisme","isPartOf":{"@id":"https:\/\/www.geoleg.cat\/#website"},"datePublished":"2026-03-30T16:18:36+00:00","dateModified":"2026-03-30T16:22:47+00:00","breadcrumb":{"@id":"https:\/\/www.geoleg.cat\/index.php\/podcast-la-terra-no-es-plana\/temporada-1-la-terra-no-es-plana\/capitol-10-vacunes-funcionen-o-son-perilloses\/#breadcrumb"},"inLanguage":"ca","potentialAction":[{"@type":"ReadAction","target":["https:\/\/www.geoleg.cat\/index.php\/podcast-la-terra-no-es-plana\/temporada-1-la-terra-no-es-plana\/capitol-10-vacunes-funcionen-o-son-perilloses\/"]}]},{"@type":"BreadcrumbList","@id":"https:\/\/www.geoleg.cat\/index.php\/podcast-la-terra-no-es-plana\/temporada-1-la-terra-no-es-plana\/capitol-10-vacunes-funcionen-o-son-perilloses\/#breadcrumb","itemListElement":[{"@type":"ListItem","position":1,"name":"Inici","item":"https:\/\/www.geoleg.cat\/"},{"@type":"ListItem","position":2,"name":"Podcast &#8211; La Terra NO \u00e9s Plana","item":"https:\/\/www.geoleg.cat\/index.php\/podcast-la-terra-no-es-plana\/"},{"@type":"ListItem","position":3,"name":"Temporada 1 &#8211; La Terra NO \u00e9s Plana","item":"https:\/\/www.geoleg.cat\/index.php\/podcast-la-terra-no-es-plana\/temporada-1-la-terra-no-es-plana\/"},{"@type":"ListItem","position":4,"name":"CAP\u00cdTOL 10: VACUNES, FUNCIONEN O S\u00d3N PERILLOSES?"}]},{"@type":"WebSite","@id":"https:\/\/www.geoleg.cat\/#website","url":"https:\/\/www.geoleg.cat\/","name":"Formaci\u00f3 i Divulgaci\u00f3 en Geologia #Geoturisme","description":"Formaci\u00f3 i Divulgaci\u00f3 en Geologia #Geoturisme","publisher":{"@id":"https:\/\/www.geoleg.cat\/#organization"},"potentialAction":[{"@type":"SearchAction","target":{"@type":"EntryPoint","urlTemplate":"https:\/\/www.geoleg.cat\/?s={search_term_string}"},"query-input":{"@type":"PropertyValueSpecification","valueRequired":true,"valueName":"search_term_string"}}],"inLanguage":"ca"},{"@type":"Organization","@id":"https:\/\/www.geoleg.cat\/#organization","name":"Ge\u00f2leg.cat","url":"https:\/\/www.geoleg.cat\/","logo":{"@type":"ImageObject","inLanguage":"ca","@id":"https:\/\/www.geoleg.cat\/#\/schema\/logo\/image\/","url":"https:\/\/i0.wp.com\/www.geoleg.cat\/wp-content\/uploads\/2019\/09\/Logo-petit.png?fit=600%2C128&ssl=1","contentUrl":"https:\/\/i0.wp.com\/www.geoleg.cat\/wp-content\/uploads\/2019\/09\/Logo-petit.png?fit=600%2C128&ssl=1","width":600,"height":128,"caption":"Ge\u00f2leg.cat"},"image":{"@id":"https:\/\/www.geoleg.cat\/#\/schema\/logo\/image\/"},"sameAs":["https:\/\/x.com\/geolegCAT","https:\/\/www.instagram.com\/geoleg.cat\/"]}]}},"post_mailing_queue_ids":[],"_links":{"self":[{"href":"https:\/\/www.geoleg.cat\/index.php\/wp-json\/wp\/v2\/pages\/2155","targetHints":{"allow":["GET"]}}],"collection":[{"href":"https:\/\/www.geoleg.cat\/index.php\/wp-json\/wp\/v2\/pages"}],"about":[{"href":"https:\/\/www.geoleg.cat\/index.php\/wp-json\/wp\/v2\/types\/page"}],"author":[{"embeddable":true,"href":"https:\/\/www.geoleg.cat\/index.php\/wp-json\/wp\/v2\/users\/3"}],"replies":[{"embeddable":true,"href":"https:\/\/www.geoleg.cat\/index.php\/wp-json\/wp\/v2\/comments?post=2155"}],"version-history":[{"count":3,"href":"https:\/\/www.geoleg.cat\/index.php\/wp-json\/wp\/v2\/pages\/2155\/revisions"}],"predecessor-version":[{"id":2160,"href":"https:\/\/www.geoleg.cat\/index.php\/wp-json\/wp\/v2\/pages\/2155\/revisions\/2160"}],"up":[{"embeddable":true,"href":"https:\/\/www.geoleg.cat\/index.php\/wp-json\/wp\/v2\/pages\/2054"}],"wp:attachment":[{"href":"https:\/\/www.geoleg.cat\/index.php\/wp-json\/wp\/v2\/media?parent=2155"}],"wp:term":[{"taxonomy":"wf_page_folders","embeddable":true,"href":"https:\/\/www.geoleg.cat\/index.php\/wp-json\/wp\/v2\/wf_page_folders?post=2155"}],"curies":[{"name":"wp","href":"https:\/\/api.w.org\/{rel}","templated":true}]}}