{"id":2027,"date":"2026-01-19T20:37:48","date_gmt":"2026-01-19T19:37:48","guid":{"rendered":"https:\/\/www.geoleg.cat\/?page_id=2027"},"modified":"2026-02-09T21:46:08","modified_gmt":"2026-02-09T20:46:08","slug":"podcast-la-terra-no-es-plana","status":"publish","type":"page","link":"https:\/\/www.geoleg.cat\/index.php\/podcast-la-terra-no-es-plana\/","title":{"rendered":"Podcast &#8211; La Terra NO \u00e9s Plana"},"content":{"rendered":"<h3 style=\"text-align: center;\" data-start=\"309\" data-end=\"519\">Podcast &#8211; La Terra NO \u00e9s Plana<\/h3>\n<p data-start=\"255\" data-end=\"465\"><strong data-start=\"255\" data-end=\"279\">La Terra NO \u00e9s Plana<\/strong> \u00e9s un podcast de divulgaci\u00f3 cient\u00edfica en catal\u00e0 que neix amb un objectiu molt concret: <strong data-start=\"368\" data-end=\"464\">combatre la desinformaci\u00f3, els mites i les pseudoci\u00e8ncies amb dades, m\u00e8tode i esperit cr\u00edtic<\/strong>.<\/p>\n<p data-start=\"467\" data-end=\"803\">Vivim envoltats de discursos simplistes, teories conspiratives i missatges que neguen l\u2019evid\u00e8ncia cient\u00edfica: des del terraplanisme fins al negacionisme clim\u00e0tic, passant per la geologia mal entesa, la f\u00edsica \u201cm\u00e0gica\u201d o la ci\u00e8ncia treta de context. Aquest podcast no busca quedar b\u00e9 amb tothom: <strong data-start=\"762\" data-end=\"802\">busca entendre, explicar i desmuntar<\/strong>.<\/p>\n<p data-start=\"805\" data-end=\"1168\">Cada episodi parteix d\u2019una pregunta, un mite o una afirmaci\u00f3 viral i l\u2019analitza des del rigor cient\u00edfic, amb especial atenci\u00f3 a les <strong data-start=\"937\" data-end=\"961\">ci\u00e8ncies de la Terra<\/strong>, per\u00f2 sense deixar de banda la f\u00edsica, la qu\u00edmica, la biologia o el pensament cient\u00edfic en general. Tot explicat amb un llenguatge entenedor, per\u00f2 sense rebaixar el contingut ni caure en la superficialitat.<\/p>\n<p data-start=\"1170\" data-end=\"1342\">No \u00e9s un podcast d\u2019opini\u00f3, per\u00f2 tampoc \u00e9s neutral:<br data-start=\"1220\" data-end=\"1223\" \/>\ud83d\udccc <strong data-start=\"1226\" data-end=\"1257\">La ci\u00e8ncia no \u00e9s una opini\u00f3<\/strong><br data-start=\"1257\" data-end=\"1260\" \/>\ud83d\udccc <strong data-start=\"1263\" data-end=\"1285\">Les dades importen<\/strong><br data-start=\"1285\" data-end=\"1288\" \/>\ud83d\udccc <strong data-start=\"1291\" data-end=\"1342\">El m\u00e8tode cient\u00edfic \u00e9s clau per entendre el m\u00f3n<\/strong><\/p>\n<p data-start=\"1344\" data-end=\"1594\"><strong data-start=\"1344\" data-end=\"1368\">La Terra NO \u00e9s Plana<\/strong> est\u00e0 pensat per a persones curioses, docents, estudiants, divulgadors i per a tothom que estigui cansat de sentir que \u201ctot \u00e9s relatiu\u201d o que \u201ctotes les opinions valen igual\u201d. No, no totes valen el mateix quan hi ha evid\u00e8ncia.<\/p>\n<p data-start=\"1596\" data-end=\"1750\">Si et molesten les dades, potser aquest podcast no \u00e9s per a tu.<br data-start=\"1659\" data-end=\"1662\" \/>Si t\u2019interessa entendre el m\u00f3n tal com \u00e9s \u2014i no com alguns voldrien que fos\u2014, benvingut.<\/p>\n<p data-start=\"1596\" data-end=\"1750\"><img fetchpriority=\"high\" decoding=\"async\" class=\"alignnone wp-image-2035\" src=\"https:\/\/www.geoleg.cat\/wp-content\/uploads\/2026\/01\/Postal-300x251.jpeg\" alt=\"\" width=\"592\" height=\"495\" srcset=\"https:\/\/www.geoleg.cat\/wp-content\/uploads\/2026\/01\/Postal-300x251.jpeg 300w, https:\/\/www.geoleg.cat\/wp-content\/uploads\/2026\/01\/Postal-768x644.jpeg 768w, https:\/\/www.geoleg.cat\/wp-content\/uploads\/2026\/01\/Postal.jpeg 940w\" sizes=\"(max-width: 592px) 100vw, 592px\" \/><\/p>\n<hr data-start=\"1752\" data-end=\"1755\" \/>\n<h3 data-start=\"1757\" data-end=\"1780\">L\u2019equip del podcast<\/h3>\n<ul data-start=\"1782\" data-end=\"2082\">\n<li data-start=\"1782\" data-end=\"1851\">\n<p data-start=\"1784\" data-end=\"1851\"><strong data-start=\"1784\" data-end=\"1810\">Conductor i director del programa<\/strong>: <span class=\"hover:entity-accent entity-underline inline cursor-pointer align-baseline\"><span class=\"whitespace-normal\">Sergi Tarr\u00e9s<\/span><\/span><\/p>\n<\/li>\n<li data-start=\"1852\" data-end=\"1922\">\n<p data-start=\"1854\" data-end=\"1922\"><strong data-start=\"1854\" data-end=\"1881\">Assessorament cient\u00edfic<\/strong>: <span class=\"hover:entity-accent entity-underline inline cursor-pointer align-baseline\"><span class=\"whitespace-normal\">Jordi Vil\u00e0<\/span><\/span><\/p>\n<\/li>\n<li data-start=\"1923\" data-end=\"1986\">\n<p data-start=\"1925\" data-end=\"1986\"><strong data-start=\"1925\" data-end=\"1945\">An\u00e0lisi de dades<\/strong>: <span class=\"hover:entity-accent entity-underline inline cursor-pointer align-baseline\"><span class=\"whitespace-normal\">Albert Palou<\/span><\/span><\/p>\n<\/li>\n<li data-start=\"1987\" data-end=\"2082\">\n<p data-start=\"1989\" data-end=\"2082\"><strong data-start=\"1989\" data-end=\"2041\">T\u00e8cnic, muntador i revisor d\u2019experiments fallits<\/strong>: <span class=\"hover:entity-accent entity-underline inline cursor-pointer align-baseline\"><span class=\"whitespace-normal\">Xavi Gorro<\/span><\/span><\/p>\n<\/li>\n<\/ul>\n<hr data-start=\"2084\" data-end=\"2087\" \/>\n<h3 data-start=\"2089\" data-end=\"2115\">On escoltar el podcast<\/h3>\n<p data-start=\"2117\" data-end=\"2207\">Ens podeu escoltar a trav\u00e9s dels enlla\u00e7os de la nostra web o a les principals plataformes:<\/p>\n<ul data-start=\"2209\" data-end=\"2454\">\n<li data-start=\"2209\" data-end=\"2304\">\n<p data-start=\"2211\" data-end=\"2304\"><strong data-start=\"2211\" data-end=\"2222\">Spotify<\/strong><br data-start=\"2222\" data-end=\"2225\" \/><a class=\"decorated-link\" href=\"https:\/\/open.spotify.com\/episode\/1TEF7xlEQwUVqGrrqUc2Dd?si=c3636324c81647ca\" target=\"_new\" rel=\"noopener\" data-start=\"2227\" data-end=\"2302\">https:\/\/open.spotify.com\/episode\/1TEF7xlEQwUVqGrrqUc2Dd?si=c3636324c81647ca<\/a><\/p>\n<\/li>\n<li data-start=\"2306\" data-end=\"2391\">\n<p data-start=\"2308\" data-end=\"2391\"><strong data-start=\"2308\" data-end=\"2317\">iVoox<\/strong><br data-start=\"2317\" data-end=\"2320\" \/><a class=\"decorated-link\" href=\"https:\/\/www.ivoox.com\/podcast-terra-no-es-plana_sq_f13098178_1.html\" target=\"_new\" rel=\"noopener\" data-start=\"2322\" data-end=\"2389\">https:\/\/www.ivoox.com\/podcast-terra-no-es-plana_sq_f13098178_1.html<\/a><\/p>\n<\/li>\n<li data-start=\"2393\" data-end=\"2454\">\n<p data-start=\"2395\" data-end=\"2454\"><strong data-start=\"2395\" data-end=\"2406\">YouTube<\/strong><br data-start=\"2406\" data-end=\"2409\" \/><a class=\"decorated-link\" href=\"https:\/\/www.youtube.com\/@LaTerraNOesPlana\" target=\"_new\" rel=\"noopener\" data-start=\"2411\" data-end=\"2452\">https:\/\/www.youtube.com\/@LaTerraNOesPlana<\/a><\/p>\n<\/li>\n<\/ul>\n<hr data-start=\"2456\" data-end=\"2459\" \/>\n<h3 data-start=\"2461\" data-end=\"2488\">Seguiu-nos a les xarxes<\/h3>\n<ul data-start=\"2490\" data-end=\"2599\">\n<li data-start=\"2490\" data-end=\"2526\">\n<p data-start=\"2492\" data-end=\"2526\"><a href=\"https:\/\/www.instagram.com\/laterranoesplana\/\"><strong data-start=\"2492\" data-end=\"2505\">Instagram<\/strong>: @laterranoesplana<\/a><\/p>\n<\/li>\n<li data-start=\"2527\" data-end=\"2553\">\n<p data-start=\"2529\" data-end=\"2553\"><a href=\"https:\/\/x.com\/TerraNoEsPlana\"><strong data-start=\"2529\" data-end=\"2534\">X<\/strong>: @terranoesplana<\/a><\/p>\n<\/li>\n<li data-start=\"2554\" data-end=\"2599\">\n<p data-start=\"2556\" data-end=\"2599\"><a href=\"https:\/\/bsky.app\/profile\/laterranoesplana.bsky.social\"><strong data-start=\"2556\" data-end=\"2567\">Bluesky<\/strong>: laterranoesplana.bsky.social<\/a><\/p>\n<\/li>\n<\/ul>\n<hr data-start=\"2601\" data-end=\"2604\" \/>\n<h3 data-start=\"2606\" data-end=\"2618\">Contacte<\/h3>\n<p data-start=\"2620\" data-end=\"2677\">Ens podeu escriure a:<br data-start=\"2641\" data-end=\"2644\" \/>\ud83d\udce9 <strong data-start=\"2647\" data-end=\"2677\">laterranoesplana@gmail.com<\/strong><\/p>\n<hr data-start=\"2601\" data-end=\"2604\" \/>\n<p>&nbsp;<\/p>\n","protected":false},"excerpt":{"rendered":"<p>Podcast &#8211; La Terra NO \u00e9s Plana La Terra NO \u00e9s Plana \u00e9s un podcast de divulgaci\u00f3 cient\u00edfica en catal\u00e0 que neix amb un objectiu molt concret: combatre la desinformaci\u00f3, [&hellip;]<\/p>\n","protected":false},"author":3,"featured_media":0,"parent":0,"menu_order":0,"comment_status":"closed","ping_status":"closed","template":"","meta":{"_monsterinsights_skip_tracking":false,"_monsterinsights_sitenote_active":false,"_monsterinsights_sitenote_note":"","_monsterinsights_sitenote_category":0,"footnotes":""},"wf_page_folders":[90],"class_list":["post-2027","page","type-page","status-publish","hentry"],"yoast_head":"<!-- This site is optimized with the Yoast SEO plugin v27.2 - https:\/\/yoast.com\/product\/yoast-seo-wordpress\/ -->\n<title>Podcast - La Terra NO \u00e9s Plana - Formaci\u00f3 i Divulgaci\u00f3 en Geologia #Geoturisme<\/title>\n<meta name=\"robots\" content=\"index, follow, max-snippet:-1, max-image-preview:large, max-video-preview:-1\" \/>\n<link rel=\"canonical\" href=\"https:\/\/www.geoleg.cat\/index.php\/podcast-la-terra-no-es-plana\/\" \/>\n<meta property=\"og:locale\" content=\"ca_ES\" \/>\n<meta property=\"og:type\" content=\"article\" \/>\n<meta property=\"og:title\" content=\"Podcast - La Terra NO \u00e9s Plana - Formaci\u00f3 i Divulgaci\u00f3 en Geologia #Geoturisme\" \/>\n<meta property=\"og:description\" content=\"Podcast &#8211; La Terra NO \u00e9s Plana La Terra NO \u00e9s Plana \u00e9s un podcast de divulgaci\u00f3 cient\u00edfica en catal\u00e0 que neix amb un objectiu molt concret: combatre la desinformaci\u00f3, [&hellip;]\" \/>\n<meta property=\"og:url\" content=\"https:\/\/www.geoleg.cat\/index.php\/podcast-la-terra-no-es-plana\/\" \/>\n<meta property=\"og:site_name\" content=\"Formaci\u00f3 i Divulgaci\u00f3 en Geologia #Geoturisme\" \/>\n<meta property=\"article:modified_time\" content=\"2026-02-09T20:46:08+00:00\" \/>\n<meta property=\"og:image\" content=\"https:\/\/www.geoleg.cat\/wp-content\/uploads\/2026\/01\/Postal.jpeg\" \/>\n\t<meta property=\"og:image:width\" content=\"940\" \/>\n\t<meta property=\"og:image:height\" content=\"788\" \/>\n\t<meta property=\"og:image:type\" content=\"image\/jpeg\" \/>\n<meta name=\"twitter:card\" content=\"summary_large_image\" \/>\n<meta name=\"twitter:site\" content=\"@geolegCAT\" \/>\n<meta name=\"twitter:label1\" content=\"Temps estimat de lectura\" \/>\n\t<meta name=\"twitter:data1\" content=\"2 minuts\" \/>\n<script type=\"application\/ld+json\" class=\"yoast-schema-graph\">{\"@context\":\"https:\/\/schema.org\",\"@graph\":[{\"@type\":\"WebPage\",\"@id\":\"https:\/\/www.geoleg.cat\/index.php\/podcast-la-terra-no-es-plana\/\",\"url\":\"https:\/\/www.geoleg.cat\/index.php\/podcast-la-terra-no-es-plana\/\",\"name\":\"Podcast - La Terra NO \u00e9s Plana - Formaci\u00f3 i Divulgaci\u00f3 en Geologia #Geoturisme\",\"isPartOf\":{\"@id\":\"https:\/\/www.geoleg.cat\/#website\"},\"primaryImageOfPage\":{\"@id\":\"https:\/\/www.geoleg.cat\/index.php\/podcast-la-terra-no-es-plana\/#primaryimage\"},\"image\":{\"@id\":\"https:\/\/www.geoleg.cat\/index.php\/podcast-la-terra-no-es-plana\/#primaryimage\"},\"thumbnailUrl\":\"https:\/\/www.geoleg.cat\/wp-content\/uploads\/2026\/01\/Postal-300x251.jpeg\",\"datePublished\":\"2026-01-19T19:37:48+00:00\",\"dateModified\":\"2026-02-09T20:46:08+00:00\",\"breadcrumb\":{\"@id\":\"https:\/\/www.geoleg.cat\/index.php\/podcast-la-terra-no-es-plana\/#breadcrumb\"},\"inLanguage\":\"ca\",\"potentialAction\":[{\"@type\":\"ReadAction\",\"target\":[\"https:\/\/www.geoleg.cat\/index.php\/podcast-la-terra-no-es-plana\/\"]}]},{\"@type\":\"ImageObject\",\"inLanguage\":\"ca\",\"@id\":\"https:\/\/www.geoleg.cat\/index.php\/podcast-la-terra-no-es-plana\/#primaryimage\",\"url\":\"https:\/\/www.geoleg.cat\/wp-content\/uploads\/2026\/01\/Postal.jpeg\",\"contentUrl\":\"https:\/\/www.geoleg.cat\/wp-content\/uploads\/2026\/01\/Postal.jpeg\",\"width\":940,\"height\":788},{\"@type\":\"BreadcrumbList\",\"@id\":\"https:\/\/www.geoleg.cat\/index.php\/podcast-la-terra-no-es-plana\/#breadcrumb\",\"itemListElement\":[{\"@type\":\"ListItem\",\"position\":1,\"name\":\"Inici\",\"item\":\"https:\/\/www.geoleg.cat\/\"},{\"@type\":\"ListItem\",\"position\":2,\"name\":\"Podcast &#8211; La Terra NO \u00e9s Plana\"}]},{\"@type\":\"WebSite\",\"@id\":\"https:\/\/www.geoleg.cat\/#website\",\"url\":\"https:\/\/www.geoleg.cat\/\",\"name\":\"Formaci\u00f3 i Divulgaci\u00f3 en Geologia #Geoturisme\",\"description\":\"Formaci\u00f3 i Divulgaci\u00f3 en Geologia #Geoturisme\",\"publisher\":{\"@id\":\"https:\/\/www.geoleg.cat\/#organization\"},\"potentialAction\":[{\"@type\":\"SearchAction\",\"target\":{\"@type\":\"EntryPoint\",\"urlTemplate\":\"https:\/\/www.geoleg.cat\/?s={search_term_string}\"},\"query-input\":{\"@type\":\"PropertyValueSpecification\",\"valueRequired\":true,\"valueName\":\"search_term_string\"}}],\"inLanguage\":\"ca\"},{\"@type\":\"Organization\",\"@id\":\"https:\/\/www.geoleg.cat\/#organization\",\"name\":\"Ge\u00f2leg.cat\",\"url\":\"https:\/\/www.geoleg.cat\/\",\"logo\":{\"@type\":\"ImageObject\",\"inLanguage\":\"ca\",\"@id\":\"https:\/\/www.geoleg.cat\/#\/schema\/logo\/image\/\",\"url\":\"https:\/\/i0.wp.com\/www.geoleg.cat\/wp-content\/uploads\/2019\/09\/Logo-petit.png?fit=600%2C128&ssl=1\",\"contentUrl\":\"https:\/\/i0.wp.com\/www.geoleg.cat\/wp-content\/uploads\/2019\/09\/Logo-petit.png?fit=600%2C128&ssl=1\",\"width\":600,\"height\":128,\"caption\":\"Ge\u00f2leg.cat\"},\"image\":{\"@id\":\"https:\/\/www.geoleg.cat\/#\/schema\/logo\/image\/\"},\"sameAs\":[\"https:\/\/x.com\/geolegCAT\",\"https:\/\/www.instagram.com\/geoleg.cat\/\"]}]}<\/script>\n<!-- \/ Yoast SEO plugin. -->","yoast_head_json":{"title":"Podcast - La Terra NO \u00e9s Plana - Formaci\u00f3 i Divulgaci\u00f3 en Geologia #Geoturisme","robots":{"index":"index","follow":"follow","max-snippet":"max-snippet:-1","max-image-preview":"max-image-preview:large","max-video-preview":"max-video-preview:-1"},"canonical":"https:\/\/www.geoleg.cat\/index.php\/podcast-la-terra-no-es-plana\/","og_locale":"ca_ES","og_type":"article","og_title":"Podcast - La Terra NO \u00e9s Plana - Formaci\u00f3 i Divulgaci\u00f3 en Geologia #Geoturisme","og_description":"Podcast &#8211; La Terra NO \u00e9s Plana La Terra NO \u00e9s Plana \u00e9s un podcast de divulgaci\u00f3 cient\u00edfica en catal\u00e0 que neix amb un objectiu molt concret: combatre la desinformaci\u00f3, [&hellip;]","og_url":"https:\/\/www.geoleg.cat\/index.php\/podcast-la-terra-no-es-plana\/","og_site_name":"Formaci\u00f3 i Divulgaci\u00f3 en Geologia #Geoturisme","article_modified_time":"2026-02-09T20:46:08+00:00","og_image":[{"width":940,"height":788,"url":"https:\/\/www.geoleg.cat\/wp-content\/uploads\/2026\/01\/Postal.jpeg","type":"image\/jpeg"}],"twitter_card":"summary_large_image","twitter_site":"@geolegCAT","twitter_misc":{"Temps estimat de lectura":"2 minuts"},"schema":{"@context":"https:\/\/schema.org","@graph":[{"@type":"WebPage","@id":"https:\/\/www.geoleg.cat\/index.php\/podcast-la-terra-no-es-plana\/","url":"https:\/\/www.geoleg.cat\/index.php\/podcast-la-terra-no-es-plana\/","name":"Podcast - La Terra NO \u00e9s Plana - Formaci\u00f3 i Divulgaci\u00f3 en Geologia #Geoturisme","isPartOf":{"@id":"https:\/\/www.geoleg.cat\/#website"},"primaryImageOfPage":{"@id":"https:\/\/www.geoleg.cat\/index.php\/podcast-la-terra-no-es-plana\/#primaryimage"},"image":{"@id":"https:\/\/www.geoleg.cat\/index.php\/podcast-la-terra-no-es-plana\/#primaryimage"},"thumbnailUrl":"https:\/\/www.geoleg.cat\/wp-content\/uploads\/2026\/01\/Postal-300x251.jpeg","datePublished":"2026-01-19T19:37:48+00:00","dateModified":"2026-02-09T20:46:08+00:00","breadcrumb":{"@id":"https:\/\/www.geoleg.cat\/index.php\/podcast-la-terra-no-es-plana\/#breadcrumb"},"inLanguage":"ca","potentialAction":[{"@type":"ReadAction","target":["https:\/\/www.geoleg.cat\/index.php\/podcast-la-terra-no-es-plana\/"]}]},{"@type":"ImageObject","inLanguage":"ca","@id":"https:\/\/www.geoleg.cat\/index.php\/podcast-la-terra-no-es-plana\/#primaryimage","url":"https:\/\/www.geoleg.cat\/wp-content\/uploads\/2026\/01\/Postal.jpeg","contentUrl":"https:\/\/www.geoleg.cat\/wp-content\/uploads\/2026\/01\/Postal.jpeg","width":940,"height":788},{"@type":"BreadcrumbList","@id":"https:\/\/www.geoleg.cat\/index.php\/podcast-la-terra-no-es-plana\/#breadcrumb","itemListElement":[{"@type":"ListItem","position":1,"name":"Inici","item":"https:\/\/www.geoleg.cat\/"},{"@type":"ListItem","position":2,"name":"Podcast &#8211; La Terra NO \u00e9s Plana"}]},{"@type":"WebSite","@id":"https:\/\/www.geoleg.cat\/#website","url":"https:\/\/www.geoleg.cat\/","name":"Formaci\u00f3 i Divulgaci\u00f3 en Geologia #Geoturisme","description":"Formaci\u00f3 i Divulgaci\u00f3 en Geologia #Geoturisme","publisher":{"@id":"https:\/\/www.geoleg.cat\/#organization"},"potentialAction":[{"@type":"SearchAction","target":{"@type":"EntryPoint","urlTemplate":"https:\/\/www.geoleg.cat\/?s={search_term_string}"},"query-input":{"@type":"PropertyValueSpecification","valueRequired":true,"valueName":"search_term_string"}}],"inLanguage":"ca"},{"@type":"Organization","@id":"https:\/\/www.geoleg.cat\/#organization","name":"Ge\u00f2leg.cat","url":"https:\/\/www.geoleg.cat\/","logo":{"@type":"ImageObject","inLanguage":"ca","@id":"https:\/\/www.geoleg.cat\/#\/schema\/logo\/image\/","url":"https:\/\/i0.wp.com\/www.geoleg.cat\/wp-content\/uploads\/2019\/09\/Logo-petit.png?fit=600%2C128&ssl=1","contentUrl":"https:\/\/i0.wp.com\/www.geoleg.cat\/wp-content\/uploads\/2019\/09\/Logo-petit.png?fit=600%2C128&ssl=1","width":600,"height":128,"caption":"Ge\u00f2leg.cat"},"image":{"@id":"https:\/\/www.geoleg.cat\/#\/schema\/logo\/image\/"},"sameAs":["https:\/\/x.com\/geolegCAT","https:\/\/www.instagram.com\/geoleg.cat\/"]}]}},"post_mailing_queue_ids":[],"_links":{"self":[{"href":"https:\/\/www.geoleg.cat\/index.php\/wp-json\/wp\/v2\/pages\/2027","targetHints":{"allow":["GET"]}}],"collection":[{"href":"https:\/\/www.geoleg.cat\/index.php\/wp-json\/wp\/v2\/pages"}],"about":[{"href":"https:\/\/www.geoleg.cat\/index.php\/wp-json\/wp\/v2\/types\/page"}],"author":[{"embeddable":true,"href":"https:\/\/www.geoleg.cat\/index.php\/wp-json\/wp\/v2\/users\/3"}],"replies":[{"embeddable":true,"href":"https:\/\/www.geoleg.cat\/index.php\/wp-json\/wp\/v2\/comments?post=2027"}],"version-history":[{"count":12,"href":"https:\/\/www.geoleg.cat\/index.php\/wp-json\/wp\/v2\/pages\/2027\/revisions"}],"predecessor-version":[{"id":2075,"href":"https:\/\/www.geoleg.cat\/index.php\/wp-json\/wp\/v2\/pages\/2027\/revisions\/2075"}],"wp:attachment":[{"href":"https:\/\/www.geoleg.cat\/index.php\/wp-json\/wp\/v2\/media?parent=2027"}],"wp:term":[{"taxonomy":"wf_page_folders","embeddable":true,"href":"https:\/\/www.geoleg.cat\/index.php\/wp-json\/wp\/v2\/wf_page_folders?post=2027"}],"curies":[{"name":"wp","href":"https:\/\/api.w.org\/{rel}","templated":true}]}}